{"id":201,"date":"2019-02-27T16:23:27","date_gmt":"2019-02-27T15:23:27","guid":{"rendered":"http:\/\/kitastpeter-mannheim.de\/?page_id=201"},"modified":"2022-11-08T10:19:35","modified_gmt":"2022-11-08T09:19:35","slug":"willkommen-im-kinderhaus-familienzentrum-st-peter-mannheim","status":"publish","type":"page","link":"http:\/\/kitastpeter-mannheim.de\/","title":{"rendered":"WILLKOMMEN IM KINDERHAUS\/ FAMILIENZENTRUM ST. PETER MANNHEIM"},"content":{"rendered":"<p><span style=\"font-size: 18pt;\"><strong>Das Kinderhaus St. Peter<\/strong><\/span><\/p>\n<p>Das Kinderhaus St. Peter befindet sich in der Schwetzinger Vorstadt in den R\u00e4umen der alten \u00bbAuburg\u00ab zwischen Burgstra\u00dfe und Augartenstra\u00dfe.<\/p>\n<p>Unser Haus beherbergt vier Kindergarten- und drei Krippengruppen. <span style=\"color: #ffffff;\">Wenn Sie mehr \u00fcber unseren Tag erfahren m\u00f6chten sind sie herzlich eingeladen, am ersten Mittwoch des Monats um 15 Uhr an der F\u00fchrung teilzunehmen &#8211; Bitte melden Sie sich dazu telefonisch oder per Mail vorher an.<\/span><\/p>\n<p>Informationen \u00fcber den Tagesablauf, das Team, die R\u00e4ume, die Geb\u00fchren und unsere Termine finden Sie auf diesen Seiten. Wir w\u00fcnschen Ihnen viel Spa\u00df beim St\u00f6bern!<\/p>\n<p>&nbsp;<\/p>\n<p>Ihr Team vom Kinderhaus St. Peter<\/p>\n","protected":false},"excerpt":{"rendered":"<p>Das Kinderhaus <span class=\"more-text\">&hellip;<\/span><\/p>\n","protected":false},"author":1,"featured_media":0,"parent":0,"menu_order":0,"comment_status":"closed","ping_status":"closed","template":"","meta":{"footnotes":""},"class_list":["post-201","page","type-page","status-publish","hentry"],"_links":{"self":[{"href":"http:\/\/kitastpeter-mannheim.de\/index.php?rest_route=\/wp\/v2\/pages\/201","targetHints":{"allow":["GET"]}}],"collection":[{"href":"http:\/\/kitastpeter-mannheim.de\/index.php?rest_route=\/wp\/v2\/pages"}],"about":[{"href":"http:\/\/kitastpeter-mannheim.de\/index.php?rest_route=\/wp\/v2\/types\/page"}],"author":[{"embeddable":true,"href":"http:\/\/kitastpeter-mannheim.de\/index.php?rest_route=\/wp\/v2\/users\/1"}],"replies":[{"embeddable":true,"href":"http:\/\/kitastpeter-mannheim.de\/index.php?rest_route=%2Fwp%2Fv2%2Fcomments&post=201"}],"version-history":[{"count":17,"href":"http:\/\/kitastpeter-mannheim.de\/index.php?rest_route=\/wp\/v2\/pages\/201\/revisions"}],"predecessor-version":[{"id":1089,"href":"http:\/\/kitastpeter-mannheim.de\/index.php?rest_route=\/wp\/v2\/pages\/201\/revisions\/1089"}],"wp:attachment":[{"href":"http:\/\/kitastpeter-mannheim.de\/index.php?rest_route=%2Fwp%2Fv2%2Fmedia&parent=201"}],"curies":[{"name":"wp","href":"https:\/\/api.w.org\/{rel}","templated":true}]}}